{"id":25567,"date":"2023-04-24T11:41:07","date_gmt":"2023-04-24T09:41:07","guid":{"rendered":"https:\/\/aficbp.com\/dienstleistungen\/beratung\/"},"modified":"2023-06-19T15:14:35","modified_gmt":"2023-06-19T13:14:35","slug":"beratung","status":"publish","type":"page","link":"https:\/\/aficbp.com\/de\/dienstleistungen\/beratung\/","title":{"rendered":"Beratung"},"content":{"rendered":"\t\t<div data-elementor-type=\"wp-page\" data-elementor-id=\"25567\" class=\"elementor elementor-25567 elementor-20659\">\n\t\t\t\t\t\t<section class=\"elementor-section elementor-top-section elementor-element elementor-element-5ed9b3b elementor-section-stretched elementor-section-boxed elementor-section-height-default elementor-section-height-default\" data-id=\"5ed9b3b\" data-element_type=\"section\" data-e-type=\"section\" data-settings=\"{&quot;stretch_section&quot;:&quot;section-stretched&quot;,&quot;background_background&quot;:&quot;classic&quot;}\">\n\t\t\t\t\t\t<div class=\"elementor-container elementor-column-gap-default\">\n\t\t\t\t\t<div class=\"elementor-column elementor-col-33 elementor-top-column elementor-element elementor-element-6e7ca6f\" data-id=\"6e7ca6f\" data-element_type=\"column\" data-e-type=\"column\">\n\t\t\t<div class=\"elementor-widget-wrap elementor-element-populated\">\n\t\t\t\t\t\t<div class=\"elementor-element elementor-element-7f21929 animated-slow elementor-invisible elementor-widget elementor-widget-image\" data-id=\"7f21929\" data-element_type=\"widget\" data-e-type=\"widget\" data-settings=\"{&quot;_animation&quot;:&quot;bounceIn&quot;,&quot;_animation_delay&quot;:500}\" data-widget_type=\"image.default\">\n\t\t\t\t<div class=\"elementor-widget-container\">\n\t\t\t\t\t\t\t\t\t\t\t\t\t\t\t<img fetchpriority=\"high\" decoding=\"async\" width=\"312\" height=\"312\" src=\"https:\/\/aficbp.com\/wp-content\/uploads\/2023\/05\/Imagen-de-WhatsApp-2023-05-04-a-las-18.39.46.jpg\" class=\"attachment-large size-large wp-image-24054\" alt=\"\" srcset=\"https:\/\/aficbp.com\/wp-content\/uploads\/2023\/05\/Imagen-de-WhatsApp-2023-05-04-a-las-18.39.46.jpg 312w, https:\/\/aficbp.com\/wp-content\/uploads\/2023\/05\/Imagen-de-WhatsApp-2023-05-04-a-las-18.39.46-300x300.jpg 300w, https:\/\/aficbp.com\/wp-content\/uploads\/2023\/05\/Imagen-de-WhatsApp-2023-05-04-a-las-18.39.46-150x150.jpg 150w, https:\/\/aficbp.com\/wp-content\/uploads\/2023\/05\/Imagen-de-WhatsApp-2023-05-04-a-las-18.39.46-120x120.jpg 120w, https:\/\/aficbp.com\/wp-content\/uploads\/2023\/05\/Imagen-de-WhatsApp-2023-05-04-a-las-18.39.46-45x45.jpg 45w, https:\/\/aficbp.com\/wp-content\/uploads\/2023\/05\/Imagen-de-WhatsApp-2023-05-04-a-las-18.39.46-36x36.jpg 36w\" sizes=\"(max-width: 312px) 100vw, 312px\" \/>\t\t\t\t\t\t\t\t\t\t\t\t\t\t\t<\/div>\n\t\t\t\t<\/div>\n\t\t\t\t\t<\/div>\n\t\t<\/div>\n\t\t\t\t<div class=\"elementor-column elementor-col-66 elementor-top-column elementor-element elementor-element-1046520\" data-id=\"1046520\" data-element_type=\"column\" data-e-type=\"column\">\n\t\t\t<div class=\"elementor-widget-wrap elementor-element-populated\">\n\t\t\t\t\t\t<div class=\"elementor-element elementor-element-26dbc69 elementor-widget elementor-widget-heading\" data-id=\"26dbc69\" data-element_type=\"widget\" data-e-type=\"widget\" data-widget_type=\"heading.default\">\n\t\t\t\t<div class=\"elementor-widget-container\">\n\t\t\t\t\t<h1 class=\"elementor-heading-title elementor-size-default\">Beratung<\/h1>\t\t\t\t<\/div>\n\t\t\t\t<\/div>\n\t\t\t\t<div class=\"elementor-element elementor-element-c3861de elementor-widget elementor-widget-heading\" data-id=\"c3861de\" data-element_type=\"widget\" data-e-type=\"widget\" data-widget_type=\"heading.default\">\n\t\t\t\t<div class=\"elementor-widget-container\">\n\t\t\t\t\t<h3 class=\"elementor-heading-title elementor-size-default\">Administrative Formalit\u00e4ten<br><div style=\"font-size: 14px;font-weight: 400;white-space: normal\"><span style=\"font-size: 12pt;font-family: var( --e-global-typography-primary-font-family ), Sans-serif\"><br><\/span><\/div><div style=\"font-size: 14px;font-weight: 400;white-space: normal\"><span style=\"font-size: 12pt;font-family: var( --e-global-typography-primary-font-family ), Sans-serif\">Wir erledigen alle Arten von Verwaltungsverfahren f\u00fcr Sie:<\/span><span style=\"font-family: var( --e-global-typography-primary-font-family ), Sans-serif;font-size: 25px;font-weight: 600;white-space: pre-wrap\"><\/span><\/div><\/h3>\t\t\t\t<\/div>\n\t\t\t\t<\/div>\n\t\t\t\t<div class=\"elementor-element elementor-element-e5d7300 elementor-widget elementor-widget-text-editor\" data-id=\"e5d7300\" data-element_type=\"widget\" data-e-type=\"widget\" data-widget_type=\"text-editor.default\">\n\t\t\t\t<div class=\"elementor-widget-container\">\n\t\t\t\t\t\t\t\t\t<ul class=\"yellow_li\">\n \t<li><span>Herausgabe der NIE.<\/span><\/li>\n \t<li><span>Verfahren und Formalit\u00e4ten mit Stadtverwaltungen, Banken, Zulieferern usw.<\/span><\/li>\n<\/ul>\t\t\t\t\t\t\t\t<\/div>\n\t\t\t\t<\/div>\n\t\t\t\t<div class=\"elementor-element elementor-element-ef032d9 elementor-widget elementor-widget-heading\" data-id=\"ef032d9\" data-element_type=\"widget\" data-e-type=\"widget\" data-widget_type=\"heading.default\">\n\t\t\t\t<div class=\"elementor-widget-container\">\n\t\t\t\t\t<h3 class=\"elementor-heading-title elementor-size-default\">Versicherung<br><div style=\"font-size: 14px;font-weight: 400;white-space: normal\"><span style=\"font-size: 12pt;font-family: var( --e-global-typography-primary-font-family ), Sans-serif\"><br><\/span><\/div><div style=\"font-size: 14px;font-weight: 400;white-space: normal\"><span style=\"font-size: 12pt;font-family: var( --e-global-typography-primary-font-family ), Sans-serif\">Wir k\u00fcmmern uns auch um den Abschluss und die Verwaltung der Versicherungen, die Sie ben\u00f6tigen:<\/span><span style=\"font-family: var( --e-global-typography-primary-font-family ), Sans-serif;font-size: 25px;font-weight: 600;white-space: pre-wrap\"><\/span><\/div><\/h3>\t\t\t\t<\/div>\n\t\t\t\t<\/div>\n\t\t\t\t<div class=\"elementor-element elementor-element-ba76876 elementor-widget elementor-widget-text-editor\" data-id=\"ba76876\" data-element_type=\"widget\" data-e-type=\"widget\" data-widget_type=\"text-editor.default\">\n\t\t\t\t<div class=\"elementor-widget-container\">\n\t\t\t\t\t\t\t\t\t<ul class=\"yellow_li\">\n<li><span style=\"color: #1e4a87;\">Abschluss von Versicherungen: Wohnungseigent\u00fcmergemeinschaften, Haus, Fahrzeuge&#8230;<\/span><\/li>\n<li><span style=\"color: #1e4a87;\">Schadenmanagement: Vorf\u00e4lle, Pannen und Reparaturen.<\/span><\/li>\n<\/ul>\n\t\t\t\t\t\t\t\t<\/div>\n\t\t\t\t<\/div>\n\t\t\t\t<div class=\"elementor-element elementor-element-8284c5a elementor-widget elementor-widget-heading\" data-id=\"8284c5a\" data-element_type=\"widget\" data-e-type=\"widget\" data-widget_type=\"heading.default\">\n\t\t\t\t<div class=\"elementor-widget-container\">\n\t\t\t\t\t<h3 class=\"elementor-heading-title elementor-size-default\">Steuer- und Rechnungswesen, Arbeits- und Rechtsberatung<br><div style=\"font-size: 14px;font-weight: 400;white-space: normal\"><span style=\"font-size: 12pt;font-family: var( --e-global-typography-primary-font-family ), Sans-serif\"><br><\/span><\/div><div style=\"font-size: 14px;font-weight: 400;white-space: normal\"><span style=\"font-size: 12pt;font-family: var( --e-global-typography-primary-font-family ), Sans-serif\">Unsere professionellen Experten unterst\u00fctzen Sie bei Ihren rechtlichen und gesch\u00e4ftlichen Verpflichtungen:<\/span><span style=\"font-family: var( --e-global-typography-primary-font-family ), Sans-serif;font-size: 25px;font-weight: 600;white-space: pre-wrap\"><\/span><\/div><\/h3>\t\t\t\t<\/div>\n\t\t\t\t<\/div>\n\t\t\t\t<div class=\"elementor-element elementor-element-f912398 elementor-widget elementor-widget-text-editor\" data-id=\"f912398\" data-element_type=\"widget\" data-e-type=\"widget\" data-widget_type=\"text-editor.default\">\n\t\t\t\t<div class=\"elementor-widget-container\">\n\t\t\t\t\t\t\t\t\t<ul class=\"yellow_li\">\n<li><span style=\"color: #1e4a87;\">PGC Buchhaltung f\u00fcr Unternehmen und Selbstst\u00e4ndige und Buchhaltungsberatung.<\/span><\/li>\n<li><span style=\"color: #1e4a87;\">Formulare 036, 037 (Volksz\u00e4hlungserkl\u00e4rungen).<\/span><\/li>\n<li><span style=\"color: #1e4a87;\">Formulare 100, 130, 131 (Einkommensteuer).<\/span><\/li>\n<li><span style=\"color: #1e4a87;\">Formulare 111, 115, 180, 190 (Einbehalte f\u00fcr Personal, Einkommensteuer, Mieten).<\/span><\/li>\n<li><span style=\"color: #1e4a87;\">Formulare 200, 202 (K\u00f6rperschaftssteuer).<\/span><\/li>\n<li><span style=\"color: #1e4a87;\">Formulare 303, 390, (Mehrwertsteuer).<\/span><\/li>\n<li><span style=\"color: #1e4a87;\">Formulare 347, 349 (Ums\u00e4tze \u00fcber 3.005,06 \u20ac und innergemeinschaftliche Ums\u00e4tze).<\/span><\/li>\n<li><span style=\"color: #1e4a87;\">Integrale Arbeitsberatung.<\/span><\/li>\n<\/ul>\n\t\t\t\t\t\t\t\t<\/div>\n\t\t\t\t<\/div>\n\t\t\t\t<div class=\"elementor-element elementor-element-41b6927 elementor-widget elementor-widget-heading\" data-id=\"41b6927\" data-element_type=\"widget\" data-e-type=\"widget\" data-widget_type=\"heading.default\">\n\t\t\t\t<div class=\"elementor-widget-container\">\n\t\t\t\t\t<h3 class=\"elementor-heading-title elementor-size-default\">Wirtschaftliche und finanzielle Analyse<br><div style=\"font-size: 14px;font-weight: 400;white-space: normal\"><span style=\"font-size: 12pt;font-family: var( --e-global-typography-primary-font-family ), Sans-serif\"><br><\/span><\/div><div style=\"font-size: 14px;font-weight: 400;white-space: normal\"><span style=\"font-size: 12pt;font-family: var( --e-global-typography-primary-font-family ), Sans-serif\">Wir widmen uns der Analyse Ihrer Investitionen und\/oder Unternehmen. Von der Rentabilit\u00e4t zur Solvenz:<\/span><span style=\"font-family: var( --e-global-typography-primary-font-family ), Sans-serif;font-size: 25px;font-weight: 600;white-space: pre-wrap\"><\/span><\/div><\/h3>\t\t\t\t<\/div>\n\t\t\t\t<\/div>\n\t\t\t\t<div class=\"elementor-element elementor-element-ab3efc2 elementor-widget elementor-widget-text-editor\" data-id=\"ab3efc2\" data-element_type=\"widget\" data-e-type=\"widget\" data-widget_type=\"text-editor.default\">\n\t\t\t\t<div class=\"elementor-widget-container\">\n\t\t\t\t\t\t\t\t\t<ul class=\"yellow_li\">\n<li><span style=\"color: #1e4a87;\">Analyse von Investitionsprojekten. Wirtschaftlicher Wert Ihres Unternehmens\/Gesch\u00e4fts.<\/span><\/li>\n<li><span style=\"color: #1e4a87;\">Finanzielle Solvenz. Kosten f\u00fcr Fremd- und Eigenkapital.<\/span><\/li>\n<li><span style=\"color: #1e4a87;\">Wirtschaftliche und finanzielle Rentabilit\u00e4t. R\u00e4nder und Rotationen.<\/span><\/li>\n<\/ul>\n\t\t\t\t\t\t\t\t<\/div>\n\t\t\t\t<\/div>\n\t\t\t\t\t<\/div>\n\t\t<\/div>\n\t\t\t\t\t<\/div>\n\t\t<\/section>\n\t\t\t\t<section class=\"elementor-section elementor-top-section elementor-element elementor-element-7f63fa8 elementor-section-stretched elementor-section-boxed elementor-section-height-default elementor-section-height-default\" data-id=\"7f63fa8\" data-element_type=\"section\" data-e-type=\"section\" data-settings=\"{&quot;stretch_section&quot;:&quot;section-stretched&quot;,&quot;background_background&quot;:&quot;classic&quot;}\">\n\t\t\t\t\t\t<div class=\"elementor-container elementor-column-gap-no\">\n\t\t\t\t\t<div class=\"elementor-column elementor-col-100 elementor-top-column elementor-element elementor-element-521da68\" data-id=\"521da68\" data-element_type=\"column\" data-e-type=\"column\">\n\t\t\t<div class=\"elementor-widget-wrap elementor-element-populated\">\n\t\t\t\t\t\t<section class=\"elementor-section elementor-inner-section elementor-element elementor-element-6228d89 elementor-section-boxed elementor-section-height-default elementor-section-height-default\" data-id=\"6228d89\" data-element_type=\"section\" data-e-type=\"section\">\n\t\t\t\t\t\t<div class=\"elementor-container elementor-column-gap-default\">\n\t\t\t\t\t<div class=\"elementor-column elementor-col-100 elementor-inner-column elementor-element elementor-element-d97609d\" data-id=\"d97609d\" data-element_type=\"column\" data-e-type=\"column\">\n\t\t\t<div class=\"elementor-widget-wrap elementor-element-populated\">\n\t\t\t\t\t\t<div class=\"elementor-element elementor-element-106a455 elementor-widget elementor-widget-heading\" data-id=\"106a455\" data-element_type=\"widget\" data-e-type=\"widget\" data-widget_type=\"heading.default\">\n\t\t\t\t<div class=\"elementor-widget-container\">\n\t\t\t\t\t<h2 class=\"elementor-heading-title elementor-size-default\">Vereinbaren Sie Ihren Termin<\/h2>\t\t\t\t<\/div>\n\t\t\t\t<\/div>\n\t\t\t\t\t<\/div>\n\t\t<\/div>\n\t\t\t\t\t<\/div>\n\t\t<\/section>\n\t\t\t\t<div class=\"elementor-element elementor-element-6690055 elementor-widget elementor-widget-html\" data-id=\"6690055\" data-element_type=\"widget\" data-e-type=\"widget\" data-widget_type=\"html.default\">\n\t\t\t\t<div class=\"elementor-widget-container\">\n\t\t\t\t\t<iframe src=\"https:\/\/outlook.office365.com\/owa\/calendar\/CitasAFICBusinessProperties@aficbp.com\/bookings\/\" width=\"100%\" height=\"100%\" scrolling=\"no\" class=\"contact-sheet\"><\/iframe>\t\t\t\t<\/div>\n\t\t\t\t<\/div>\n\t\t\t\t\t<\/div>\n\t\t<\/div>\n\t\t\t\t\t<\/div>\n\t\t<\/section>\n\t\t\t\t<\/div>\n\t\t","protected":false},"excerpt":{"rendered":"<p>Beratung Administrative Formalit\u00e4ten Wir erledigen alle Arten von Verwaltungsverfahren f\u00fcr Sie: Herausgabe der NIE. Verfahren und Formalit\u00e4ten mit Stadtverwaltungen, Banken, Zulieferern usw. Versicherung Wir k\u00fcmmern uns auch um den Abschluss und die Verwaltung der Versicherungen, die Sie ben\u00f6tigen: Abschluss von Versicherungen: Wohnungseigent\u00fcmergemeinschaften, Haus, Fahrzeuge&#8230; Schadenmanagement: Vorf\u00e4lle, Pannen und Reparaturen. Steuer- und Rechnungswesen, Arbeits- und Rechtsberatung Unsere professionellen Experten unterst\u00fctzen Sie bei Ihren rechtlichen und &#8230;<\/p>\n","protected":false},"author":3,"featured_media":0,"parent":25458,"menu_order":0,"comment_status":"closed","ping_status":"closed","template":"","meta":{"inline_featured_image":false,"footnotes":""},"class_list":["post-25567","page","type-page","status-publish","hentry"],"_links":{"self":[{"href":"https:\/\/aficbp.com\/de\/wp-json\/wp\/v2\/pages\/25567","targetHints":{"allow":["GET"]}}],"collection":[{"href":"https:\/\/aficbp.com\/de\/wp-json\/wp\/v2\/pages"}],"about":[{"href":"https:\/\/aficbp.com\/de\/wp-json\/wp\/v2\/types\/page"}],"author":[{"embeddable":true,"href":"https:\/\/aficbp.com\/de\/wp-json\/wp\/v2\/users\/3"}],"replies":[{"embeddable":true,"href":"https:\/\/aficbp.com\/de\/wp-json\/wp\/v2\/comments?post=25567"}],"version-history":[{"count":0,"href":"https:\/\/aficbp.com\/de\/wp-json\/wp\/v2\/pages\/25567\/revisions"}],"up":[{"embeddable":true,"href":"https:\/\/aficbp.com\/de\/wp-json\/wp\/v2\/pages\/25458"}],"wp:attachment":[{"href":"https:\/\/aficbp.com\/de\/wp-json\/wp\/v2\/media?parent=25567"}],"curies":[{"name":"wp","href":"https:\/\/api.w.org\/{rel}","templated":true}]}}